{"id":174,"date":"2020-09-24T01:49:32","date_gmt":"2020-09-24T01:49:32","guid":{"rendered":"https:\/\/demo2wpopal.b-cdn.net\/mailyspa\/?page_id=174"},"modified":"2024-03-31T00:03:48","modified_gmt":"2024-03-31T00:03:48","slug":"about","status":"publish","type":"page","link":"https:\/\/sidimagdoul.com\/en\/about\/","title":{"rendered":"About Us"},"content":{"rendered":"\t\t<div data-elementor-type=\"wp-page\" data-elementor-id=\"174\" class=\"elementor elementor-174\" data-elementor-post-type=\"page\">\n\t\t\t\t\t\t<div class=\"elementor-section elementor-top-section elementor-element elementor-element-81941ec elementor-section-stretched elementor-section-boxed elementor-section-height-default elementor-section-height-default\" data-id=\"81941ec\" data-element_type=\"section\" data-e-type=\"section\" data-settings=\"{&quot;stretch_section&quot;:&quot;section-stretched&quot;,&quot;background_background&quot;:&quot;classic&quot;}\">\n\t\t\t\t\t\t\t<div class=\"elementor-background-overlay\"><\/div>\n\t\t\t\t\t\t\t<div class=\"elementor-container elementor-column-gap-no\">\n\t\t\t\t\t<div class=\"elementor-column elementor-col-50 elementor-top-column elementor-element elementor-element-2d70741\" data-id=\"2d70741\" data-element_type=\"column\" data-e-type=\"column\">\n\t\t\t<div class=\"elementor-widget-wrap elementor-element-populated\">\n\t\t\t\t\t\t<div class=\"elementor-element elementor-element-e18ae02 elementor-widget elementor-widget-image\" data-id=\"e18ae02\" data-element_type=\"widget\" data-e-type=\"widget\" data-widget_type=\"image.default\">\n\t\t\t\t<div class=\"elementor-widget-container\">\n\t\t\t\t\t\t\t\t\t\t\t\t\t\t\t<img decoding=\"async\" width=\"150\" height=\"150\" src=\"https:\/\/sidimagdoul.com\/wp-content\/uploads\/2024\/02\/1-150x150.png\" class=\"attachment-thumbnail size-thumbnail wp-image-3061\" alt=\"Hammam and Spa Sidi Magdoul Essaouira 2024\" srcset=\"https:\/\/sidimagdoul.com\/wp-content\/uploads\/2024\/02\/1-150x150.png.webp 150w, https:\/\/sidimagdoul.com\/wp-content\/uploads\/2024\/02\/1-300x300.png.webp 300w, https:\/\/sidimagdoul.com\/wp-content\/uploads\/2024\/02\/1-1024x1024.png.webp 1024w, https:\/\/sidimagdoul.com\/wp-content\/uploads\/2024\/02\/1-768x768.png.webp 768w, https:\/\/sidimagdoul.com\/wp-content\/uploads\/2024\/02\/1-1536x1536.png.webp 1536w, https:\/\/sidimagdoul.com\/wp-content\/uploads\/2024\/02\/1-2048x2048.png.webp 2048w, https:\/\/sidimagdoul.com\/wp-content\/uploads\/2024\/02\/1-100x100.png.webp 100w, https:\/\/sidimagdoul.com\/wp-content\/uploads\/2024\/02\/1-400x400.png.webp 400w\" sizes=\"(max-width: 150px) 100vw, 150px\" \/>\t\t\t\t\t\t\t\t\t\t\t\t\t\t\t<\/div>\n\t\t\t\t<\/div>\n\t\t\t\t<div class=\"elementor-element elementor-element-63c04d4 animated-fast elementor-invisible elementor-widget elementor-widget-text-editor\" data-id=\"63c04d4\" data-element_type=\"widget\" data-e-type=\"widget\" data-settings=\"{&quot;_animation&quot;:&quot;opal-move-up&quot;}\" data-widget_type=\"text-editor.default\">\n\t\t\t\t<div class=\"elementor-widget-container\">\n\t\t\t\t\t\t\t\t\t\u00c0 PROPOS DE NOTRE<\/br>HAMMAM &#038; SPA\t\t\t\t\t\t\t\t<\/div>\n\t\t\t\t<\/div>\n\t\t\t\t<div class=\"elementor-element elementor-element-a665e2a elementor-widget__width-initial elementor-widget-tablet__width-initial animated-fast elementor-invisible elementor-widget elementor-widget-heading\" data-id=\"a665e2a\" data-element_type=\"widget\" data-e-type=\"widget\" data-settings=\"{&quot;_animation&quot;:&quot;opal-move-up&quot;}\" data-widget_type=\"heading.default\">\n\t\t\t\t<div class=\"elementor-widget-container\">\n\t\t\t\t\t<h4 class=\"elementor-heading-title elementor-size-default\">Sidi Magdoul<\/br>Hammam &amp; Spa<\/h4>\t\t\t\t<\/div>\n\t\t\t\t<\/div>\n\t\t\t\t<div class=\"elementor-element elementor-element-802c334 animated-fast elementor-invisible elementor-widget elementor-widget-image\" data-id=\"802c334\" data-element_type=\"widget\" data-e-type=\"widget\" data-settings=\"{&quot;_animation&quot;:&quot;opal-move-right&quot;}\" data-widget_type=\"image.default\">\n\t\t\t\t<div class=\"elementor-widget-container\">\n\t\t\t\t\t\t\t\t\t\t\t\t\t\t\t<img fetchpriority=\"high\" decoding=\"async\" width=\"1920\" height=\"1280\" src=\"https:\/\/sidimagdoul.com\/wp-content\/uploads\/2024\/02\/4V6A8748-scaled.webp\" class=\"attachment-full size-full wp-image-3165\" alt=\"Hammam and Spa Sidi Magdoul Essaouira 2024\" srcset=\"https:\/\/sidimagdoul.com\/wp-content\/uploads\/2024\/02\/4V6A8748-scaled.webp 1920w, https:\/\/sidimagdoul.com\/wp-content\/uploads\/2024\/02\/4V6A8748-300x200.webp 300w, https:\/\/sidimagdoul.com\/wp-content\/uploads\/2024\/02\/4V6A8748-1024x683.webp 1024w, https:\/\/sidimagdoul.com\/wp-content\/uploads\/2024\/02\/4V6A8748-768x512.jpg 768w, https:\/\/sidimagdoul.com\/wp-content\/uploads\/2024\/02\/4V6A8748-1536x1024.jpg 1536w, https:\/\/sidimagdoul.com\/wp-content\/uploads\/2024\/02\/4V6A8748-2048x1365.jpg 2048w\" sizes=\"(max-width: 1920px) 100vw, 1920px\" \/>\t\t\t\t\t\t\t\t\t\t\t\t\t\t\t<\/div>\n\t\t\t\t<\/div>\n\t\t\t\t<div class=\"elementor-element elementor-element-b5e2700 animated-fast elementor-widget__width-initial elementor-invisible elementor-widget elementor-widget-image\" data-id=\"b5e2700\" data-element_type=\"widget\" data-e-type=\"widget\" data-settings=\"{&quot;_animation&quot;:&quot;opal-move-left&quot;}\" data-widget_type=\"image.default\">\n\t\t\t\t<div class=\"elementor-widget-container\">\n\t\t\t\t\t\t\t\t\t\t\t\t\t\t\t<img decoding=\"async\" width=\"1920\" height=\"1280\" src=\"https:\/\/sidimagdoul.com\/wp-content\/uploads\/2024\/02\/4V6A8556-scaled.webp\" class=\"attachment-full size-full wp-image-3185\" alt=\"Hammam and Spa Sidi Magdoul Essaouira 2024\" srcset=\"https:\/\/sidimagdoul.com\/wp-content\/uploads\/2024\/02\/4V6A8556-scaled.webp 1920w, https:\/\/sidimagdoul.com\/wp-content\/uploads\/2024\/02\/4V6A8556-300x200.webp 300w, https:\/\/sidimagdoul.com\/wp-content\/uploads\/2024\/02\/4V6A8556-1024x683.webp 1024w, https:\/\/sidimagdoul.com\/wp-content\/uploads\/2024\/02\/4V6A8556-768x512.jpg 768w, https:\/\/sidimagdoul.com\/wp-content\/uploads\/2024\/02\/4V6A8556-1536x1024.jpg 1536w, https:\/\/sidimagdoul.com\/wp-content\/uploads\/2024\/02\/4V6A8556-2048x1365.jpg 2048w\" sizes=\"(max-width: 1920px) 100vw, 1920px\" \/>\t\t\t\t\t\t\t\t\t\t\t\t\t\t\t<\/div>\n\t\t\t\t<\/div>\n\t\t\t\t<div class=\"elementor-element elementor-element-dfbbca0 elementor-widget__width-auto elementor-absolute elementor-widget elementor-widget-image\" data-id=\"dfbbca0\" data-element_type=\"widget\" data-e-type=\"widget\" data-settings=\"{&quot;motion_fx_motion_fx_scrolling&quot;:&quot;yes&quot;,&quot;motion_fx_translateY_effect&quot;:&quot;yes&quot;,&quot;motion_fx_motion_fx_mouse&quot;:&quot;yes&quot;,&quot;motion_fx_mouseTrack_effect&quot;:&quot;yes&quot;,&quot;_position&quot;:&quot;absolute&quot;,&quot;motion_fx_translateY_speed&quot;:{&quot;unit&quot;:&quot;px&quot;,&quot;size&quot;:4,&quot;sizes&quot;:[]},&quot;motion_fx_translateY_affectedRange&quot;:{&quot;unit&quot;:&quot;%&quot;,&quot;size&quot;:&quot;&quot;,&quot;sizes&quot;:{&quot;start&quot;:0,&quot;end&quot;:100}},&quot;motion_fx_devices&quot;:[&quot;desktop&quot;,&quot;tablet&quot;,&quot;mobile&quot;],&quot;motion_fx_mouseTrack_speed&quot;:{&quot;unit&quot;:&quot;px&quot;,&quot;size&quot;:1,&quot;sizes&quot;:[]}}\" data-widget_type=\"image.default\">\n\t\t\t\t<div class=\"elementor-widget-container\">\n\t\t\t\t\t\t\t\t\t\t\t\t\t\t\t<img loading=\"lazy\" decoding=\"async\" width=\"198\" height=\"148\" src=\"https:\/\/sidimagdoul.com\/wp-content\/uploads\/2020\/09\/h1_decor-2.png\" class=\"attachment-full size-full wp-image-287\" alt=\"\" \/>\t\t\t\t\t\t\t\t\t\t\t\t\t\t\t<\/div>\n\t\t\t\t<\/div>\n\t\t\t\t\t<\/div>\n\t\t<\/div>\n\t\t\t\t<div class=\"elementor-column elementor-col-50 elementor-top-column elementor-element elementor-element-a124d67\" data-id=\"a124d67\" data-element_type=\"column\" data-e-type=\"column\">\n\t\t\t<div class=\"elementor-widget-wrap elementor-element-populated\">\n\t\t\t\t\t\t<div class=\"elementor-element elementor-element-a89ec85 animated-fast elementor-invisible elementor-widget elementor-widget-image\" data-id=\"a89ec85\" data-element_type=\"widget\" data-e-type=\"widget\" data-settings=\"{&quot;_animation&quot;:&quot;opal-move-right&quot;}\" data-widget_type=\"image.default\">\n\t\t\t\t<div class=\"elementor-widget-container\">\n\t\t\t\t\t\t\t\t\t\t\t\t\t\t\t<img loading=\"lazy\" decoding=\"async\" width=\"853\" height=\"1280\" src=\"https:\/\/sidimagdoul.com\/wp-content\/uploads\/2024\/02\/WhatsApp-Image-2024-02-26-at-15.14.36-3.webp\" class=\"attachment-full size-full wp-image-2689\" alt=\"sidi magdoul Essaouira Hammam &amp; Spa\" srcset=\"https:\/\/sidimagdoul.com\/wp-content\/uploads\/2024\/02\/WhatsApp-Image-2024-02-26-at-15.14.36-3.webp 853w, https:\/\/sidimagdoul.com\/wp-content\/uploads\/2024\/02\/WhatsApp-Image-2024-02-26-at-15.14.36-3-200x300.webp 200w, https:\/\/sidimagdoul.com\/wp-content\/uploads\/2024\/02\/WhatsApp-Image-2024-02-26-at-15.14.36-3-682x1024.webp 682w, https:\/\/sidimagdoul.com\/wp-content\/uploads\/2024\/02\/WhatsApp-Image-2024-02-26-at-15.14.36-3-768x1152.jpeg.webp 768w\" sizes=\"(max-width: 853px) 100vw, 853px\" \/>\t\t\t\t\t\t\t\t\t\t\t\t\t\t\t<\/div>\n\t\t\t\t<\/div>\n\t\t\t\t<div class=\"elementor-element elementor-element-8a6b6d1 animated-fast elementor-widget__width-initial elementor-invisible elementor-widget elementor-widget-heading\" data-id=\"8a6b6d1\" data-element_type=\"widget\" data-e-type=\"widget\" data-settings=\"{&quot;_animation&quot;:&quot;opal-move-up&quot;}\" data-widget_type=\"heading.default\">\n\t\t\t\t<div class=\"elementor-widget-container\">\n\t\t\t\t\t<h2 class=\"elementor-heading-title elementor-size-default\">Le Sidi Magdoul Hammam Biomass &amp; Spa offre une exp\u00e9rience de d\u00e9tente compl\u00e8te, mettant \u00e0 votre disposition une gamme de services comprenant \u00e0 la fois rituels traditionnels du hammam, massages et soins esth\u00e9tiques. Le spa Biomass int\u00e8gre les pratiques \u00e9cologiques en utilisant les sources d\u2019\u00e9nergie renouvelables. R\u00e9unies, ces installations offrent une exp\u00e9rience holistique de relaxation, pr\u00e9sidant ainsi au bien-\u00eatre du corps, de l\u2019esprit et de notre environnement.\n<\/h2>\t\t\t\t<\/div>\n\t\t\t\t<\/div>\n\t\t\t\t<div class=\"elementor-element elementor-element-9a4a51d elementor-widget__width-auto animated-fast elementor-invisible elementor-widget elementor-widget-image\" data-id=\"9a4a51d\" data-element_type=\"widget\" data-e-type=\"widget\" data-settings=\"{&quot;_animation&quot;:&quot;opal-scale-up&quot;}\" data-widget_type=\"image.default\">\n\t\t\t\t<div class=\"elementor-widget-container\">\n\t\t\t\t\t\t\t\t\t\t\t\t\t\t\t<img decoding=\"async\" src=\"https:\/\/sidimagdoul.com\/wp-content\/uploads\/elementor\/thumbs\/Sidi-Magdoul-Signature-rbevwcie29pewh8wxhbicpa0fldjjbe34c1ne2bodc.png\" title=\"Sidi Magdoul Signature\" alt=\"Sidi Magdoul Signature\" loading=\"lazy\" \/>\t\t\t\t\t\t\t\t\t\t\t\t\t\t\t<\/div>\n\t\t\t\t<\/div>\n\t\t\t\t<div class=\"elementor-element elementor-element-6935ede elementor-widget__width-auto elementor-widget-divider--view-line elementor-widget elementor-widget-divider\" data-id=\"6935ede\" data-element_type=\"widget\" data-e-type=\"widget\" data-widget_type=\"divider.default\">\n\t\t\t\t<div class=\"elementor-widget-container\">\n\t\t\t\t\t\t\t<div class=\"elementor-divider\">\n\t\t\t<span class=\"elementor-divider-separator\">\n\t\t\t\t\t\t<\/span>\n\t\t<\/div>\n\t\t\t\t\t\t<\/div>\n\t\t\t\t<\/div>\n\t\t\t\t<div class=\"elementor-element elementor-element-c65b545 elementor-widget__width-auto elementor-absolute elementor-widget elementor-widget-image\" data-id=\"c65b545\" data-element_type=\"widget\" data-e-type=\"widget\" data-settings=\"{&quot;motion_fx_motion_fx_scrolling&quot;:&quot;yes&quot;,&quot;motion_fx_translateY_effect&quot;:&quot;yes&quot;,&quot;motion_fx_translateY_direction&quot;:&quot;negative&quot;,&quot;motion_fx_devices&quot;:[&quot;desktop&quot;,&quot;tablet&quot;],&quot;_position&quot;:&quot;absolute&quot;,&quot;motion_fx_translateY_speed&quot;:{&quot;unit&quot;:&quot;px&quot;,&quot;size&quot;:4,&quot;sizes&quot;:[]},&quot;motion_fx_translateY_affectedRange&quot;:{&quot;unit&quot;:&quot;%&quot;,&quot;size&quot;:&quot;&quot;,&quot;sizes&quot;:{&quot;start&quot;:0,&quot;end&quot;:100}}}\" data-widget_type=\"image.default\">\n\t\t\t\t<div class=\"elementor-widget-container\">\n\t\t\t\t\t\t\t\t\t\t\t\t\t\t\t<img loading=\"lazy\" decoding=\"async\" width=\"346\" height=\"290\" src=\"https:\/\/sidimagdoul.com\/wp-content\/uploads\/2020\/09\/h1_decor-1.png\" class=\"attachment-full size-full wp-image-286\" alt=\"\" srcset=\"https:\/\/sidimagdoul.com\/wp-content\/uploads\/2020\/09\/h1_decor-1.png.webp 346w, https:\/\/sidimagdoul.com\/wp-content\/uploads\/2020\/09\/h1_decor-1-300x251.png.webp 300w\" sizes=\"(max-width: 346px) 100vw, 346px\" \/>\t\t\t\t\t\t\t\t\t\t\t\t\t\t\t<\/div>\n\t\t\t\t<\/div>\n\t\t\t\t<div class=\"elementor-element elementor-element-a2ce1e1 elementor-widget__width-auto elementor-absolute elementor-widget elementor-widget-image\" data-id=\"a2ce1e1\" data-element_type=\"widget\" data-e-type=\"widget\" data-settings=\"{&quot;motion_fx_motion_fx_mouse&quot;:&quot;yes&quot;,&quot;motion_fx_mouseTrack_effect&quot;:&quot;yes&quot;,&quot;motion_fx_mouseTrack_speed&quot;:{&quot;unit&quot;:&quot;px&quot;,&quot;size&quot;:0.4,&quot;sizes&quot;:[]},&quot;_position&quot;:&quot;absolute&quot;}\" data-widget_type=\"image.default\">\n\t\t\t\t<div class=\"elementor-widget-container\">\n\t\t\t\t\t\t\t\t\t\t\t\t\t\t\t<img loading=\"lazy\" decoding=\"async\" width=\"215\" height=\"139\" src=\"https:\/\/sidimagdoul.com\/wp-content\/uploads\/2020\/09\/h1_leaf-1.png\" class=\"attachment-full size-full wp-image-280\" alt=\"\" \/>\t\t\t\t\t\t\t\t\t\t\t\t\t\t\t<\/div>\n\t\t\t\t<\/div>\n\t\t\t\t<div class=\"elementor-element elementor-element-fd68955 elementor-widget__width-auto elementor-absolute elementor-widget elementor-widget-image\" data-id=\"fd68955\" data-element_type=\"widget\" data-e-type=\"widget\" data-settings=\"{&quot;motion_fx_motion_fx_mouse&quot;:&quot;yes&quot;,&quot;motion_fx_mouseTrack_effect&quot;:&quot;yes&quot;,&quot;motion_fx_mouseTrack_direction&quot;:&quot;negative&quot;,&quot;motion_fx_mouseTrack_speed&quot;:{&quot;unit&quot;:&quot;px&quot;,&quot;size&quot;:0.5,&quot;sizes&quot;:[]},&quot;_position&quot;:&quot;absolute&quot;}\" data-widget_type=\"image.default\">\n\t\t\t\t<div class=\"elementor-widget-container\">\n\t\t\t\t\t\t\t\t\t\t\t\t\t\t\t<img loading=\"lazy\" decoding=\"async\" width=\"211\" height=\"136\" src=\"https:\/\/sidimagdoul.com\/wp-content\/uploads\/2020\/09\/h1_leaf.png\" class=\"attachment-full size-full wp-image-279\" alt=\"\" \/>\t\t\t\t\t\t\t\t\t\t\t\t\t\t\t<\/div>\n\t\t\t\t<\/div>\n\t\t\t\t\t<\/div>\n\t\t<\/div>\n\t\t\t\t\t<\/div>\n\t\t<\/div>\n\t\t\t\t<div class=\"elementor-section elementor-top-section elementor-element elementor-element-ea03b0e elementor-section-full_width elementor-section-stretched elementor-section-height-min-height animated-fast elementor-section-height-default elementor-section-items-middle elementor-invisible\" data-id=\"ea03b0e\" data-element_type=\"section\" data-e-type=\"section\" data-settings=\"{&quot;stretch_section&quot;:&quot;section-stretched&quot;,&quot;background_background&quot;:&quot;classic&quot;,&quot;background_motion_fx_motion_fx_scrolling&quot;:&quot;yes&quot;,&quot;background_motion_fx_translateY_effect&quot;:&quot;yes&quot;,&quot;animation&quot;:&quot;opal-move-up&quot;,&quot;background_motion_fx_translateY_speed&quot;:{&quot;unit&quot;:&quot;px&quot;,&quot;size&quot;:4,&quot;sizes&quot;:[]},&quot;background_motion_fx_translateY_affectedRange&quot;:{&quot;unit&quot;:&quot;%&quot;,&quot;size&quot;:&quot;&quot;,&quot;sizes&quot;:{&quot;start&quot;:0,&quot;end&quot;:100}},&quot;background_motion_fx_devices&quot;:[&quot;desktop&quot;,&quot;tablet&quot;,&quot;mobile&quot;]}\">\n\t\t\t\t\t\t<div class=\"elementor-container elementor-column-gap-no\">\n\t\t\t\t\t<div class=\"elementor-column elementor-col-100 elementor-top-column elementor-element elementor-element-072333c\" data-id=\"072333c\" data-element_type=\"column\" data-e-type=\"column\">\n\t\t\t<div class=\"elementor-widget-wrap\">\n\t\t\t\t\t\t\t<\/div>\n\t\t<\/div>\n\t\t\t\t\t<\/div>\n\t\t<\/div>\n\t\t\t\t<div class=\"elementor-section elementor-top-section elementor-element elementor-element-04e4059 elementor-section-stretched elementor-section-boxed elementor-section-height-default elementor-section-height-default\" data-id=\"04e4059\" data-element_type=\"section\" data-e-type=\"section\" data-settings=\"{&quot;stretch_section&quot;:&quot;section-stretched&quot;,&quot;background_background&quot;:&quot;classic&quot;}\">\n\t\t\t\t\t\t<div class=\"elementor-container elementor-column-gap-no\">\n\t\t\t\t\t<div class=\"elementor-column elementor-col-100 elementor-top-column elementor-element elementor-element-5d61b15\" data-id=\"5d61b15\" data-element_type=\"column\" data-e-type=\"column\">\n\t\t\t<div class=\"elementor-widget-wrap elementor-element-populated\">\n\t\t\t\t\t\t<div class=\"elementor-element elementor-element-811fe7b elementor-widget__width-initial elementor-widget-mobile__width-initial elementor-widget elementor-widget-image\" data-id=\"811fe7b\" data-element_type=\"widget\" data-e-type=\"widget\" data-widget_type=\"image.default\">\n\t\t\t\t<div class=\"elementor-widget-container\">\n\t\t\t\t\t\t\t\t\t\t\t\t\t\t\t<img loading=\"lazy\" decoding=\"async\" width=\"150\" height=\"150\" src=\"https:\/\/sidimagdoul.com\/wp-content\/uploads\/2020\/09\/1-150x150.png\" class=\"attachment-thumbnail size-thumbnail wp-image-2608\" alt=\"Sidi Magdoul Essaouira Hammam and spa\" srcset=\"https:\/\/sidimagdoul.com\/wp-content\/uploads\/2020\/09\/1-150x150.png.webp 150w, https:\/\/sidimagdoul.com\/wp-content\/uploads\/2020\/09\/1-300x300.png.webp 300w, https:\/\/sidimagdoul.com\/wp-content\/uploads\/2020\/09\/1-1024x1024.png.webp 1024w, https:\/\/sidimagdoul.com\/wp-content\/uploads\/2020\/09\/1-768x768.png.webp 768w, https:\/\/sidimagdoul.com\/wp-content\/uploads\/2020\/09\/1-1536x1536.png.webp 1536w, https:\/\/sidimagdoul.com\/wp-content\/uploads\/2020\/09\/1-2048x2048.png.webp 2048w, https:\/\/sidimagdoul.com\/wp-content\/uploads\/2020\/09\/1-100x100.png.webp 100w, https:\/\/sidimagdoul.com\/wp-content\/uploads\/2020\/09\/1-400x400.png.webp 400w\" sizes=\"(max-width: 150px) 100vw, 150px\" \/>\t\t\t\t\t\t\t\t\t\t\t\t\t\t\t<\/div>\n\t\t\t\t<\/div>\n\t\t\t\t<div class=\"elementor-element elementor-element-eaf0b06 animated-fast elementor-invisible elementor-widget elementor-widget-text-editor\" data-id=\"eaf0b06\" data-element_type=\"widget\" data-e-type=\"widget\" data-settings=\"{&quot;_animation&quot;:&quot;opal-move-up&quot;}\" data-widget_type=\"text-editor.default\">\n\t\t\t\t<div class=\"elementor-widget-container\">\n\t\t\t\t\t\t\t\t\t<p>QU&rsquo;EST-CE-QU&rsquo;ILS DISENT<\/p>\t\t\t\t\t\t\t\t<\/div>\n\t\t\t\t<\/div>\n\t\t\t\t<div class=\"elementor-element elementor-element-d8e9c76 animated-fast elementor-invisible elementor-widget elementor-widget-heading\" data-id=\"d8e9c76\" data-element_type=\"widget\" data-e-type=\"widget\" data-settings=\"{&quot;_animation&quot;:&quot;opal-move-up&quot;}\" data-widget_type=\"heading.default\">\n\t\t\t\t<div class=\"elementor-widget-container\">\n\t\t\t\t\t<h2 class=\"elementor-heading-title elementor-size-default\">T\u00e9moignages clients<\/h2>\t\t\t\t<\/div>\n\t\t\t\t<\/div>\n\t\t\t\t\t<\/div>\n\t\t<\/div>\n\t\t\t\t\t<\/div>\n\t\t<\/div>\n\t\t\t\t<div class=\"elementor-section elementor-top-section elementor-element elementor-element-8df7ba8 elementor-section-stretched elementor-section-full_width elementor-section-height-default elementor-section-height-default\" data-id=\"8df7ba8\" data-element_type=\"section\" data-e-type=\"section\" data-settings=\"{&quot;stretch_section&quot;:&quot;section-stretched&quot;,&quot;background_background&quot;:&quot;gradient&quot;}\">\n\t\t\t\t\t\t<div class=\"elementor-container elementor-column-gap-no\">\n\t\t\t\t\t\t<\/div>\n\t\t<\/div>\n\t\t\t\t<div class=\"elementor-section elementor-top-section elementor-element elementor-element-1d0456f elementor-section-stretched elementor-section-full_width elementor-section-height-default elementor-section-height-default\" data-id=\"1d0456f\" data-element_type=\"section\" data-e-type=\"section\" data-settings=\"{&quot;stretch_section&quot;:&quot;section-stretched&quot;,&quot;background_background&quot;:&quot;gradient&quot;}\">\n\t\t\t\t\t\t<div class=\"elementor-container elementor-column-gap-no\">\n\t\t\t\t\t<div class=\"elementor-column elementor-col-100 elementor-top-column elementor-element elementor-element-0d00614\" data-id=\"0d00614\" data-element_type=\"column\" data-e-type=\"column\" data-settings=\"{&quot;background_background&quot;:&quot;classic&quot;}\">\n\t\t\t<div class=\"elementor-widget-wrap elementor-element-populated\">\n\t\t\t\t\t\t<div class=\"elementor-element elementor-element-dc5ef79 elementor-widget elementor-widget-google_maps\" data-id=\"dc5ef79\" data-element_type=\"widget\" data-e-type=\"widget\" data-widget_type=\"google_maps.default\">\n\t\t\t\t<div class=\"elementor-widget-container\">\n\t\t\t\t\t\t\t<div class=\"elementor-custom-embed\">\n\t\t\t<iframe loading=\"lazy\"\n\t\t\t\t\tsrc=\"https:\/\/maps.google.com\/maps?q=sidi%20magdoul%20Hammam%20%26%20spa&#038;t=m&#038;z=15&#038;output=embed&#038;iwloc=near\"\n\t\t\t\t\ttitle=\"sidi magdoul Hammam &amp; spa\"\n\t\t\t\t\taria-label=\"sidi magdoul Hammam &amp; spa\"\n\t\t\t><\/iframe>\n\t\t<\/div>\n\t\t\t\t\t\t<\/div>\n\t\t\t\t<\/div>\n\t\t\t\t\t<\/div>\n\t\t<\/div>\n\t\t\t\t\t<\/div>\n\t\t<\/div>\n\t\t\t\t<\/div>\n\t\t","protected":false},"excerpt":{"rendered":"<p>\u00c0 PROPOS DE NOTREHAMMAM &#038; SPA Sidi MagdoulHammam &#038; Spa Le Sidi Magdoul Hammam Biomass &#038; Spa offre une exp\u00e9rience de d\u00e9tente compl\u00e8te, mettant \u00e0 votre disposition une gamme de services comprenant \u00e0 la fois rituels traditionnels du hammam, massages et soins esth\u00e9tiques. Le spa Biomass int\u00e8gre les pratiques \u00e9cologiques en utilisant les sources d\u2019\u00e9nergie [&hellip;]<\/p>\n","protected":false},"author":1,"featured_media":0,"parent":0,"menu_order":0,"comment_status":"closed","ping_status":"closed","template":"elementor_header_footer","meta":{"inline_featured_image":false,"footnotes":""},"class_list":["post-174","page","type-page","status-publish","hentry"],"_links":{"self":[{"href":"https:\/\/sidimagdoul.com\/en\/wp-json\/wp\/v2\/pages\/174","targetHints":{"allow":["GET"]}}],"collection":[{"href":"https:\/\/sidimagdoul.com\/en\/wp-json\/wp\/v2\/pages"}],"about":[{"href":"https:\/\/sidimagdoul.com\/en\/wp-json\/wp\/v2\/types\/page"}],"author":[{"embeddable":true,"href":"https:\/\/sidimagdoul.com\/en\/wp-json\/wp\/v2\/users\/1"}],"replies":[{"embeddable":true,"href":"https:\/\/sidimagdoul.com\/en\/wp-json\/wp\/v2\/comments?post=174"}],"version-history":[{"count":208,"href":"https:\/\/sidimagdoul.com\/en\/wp-json\/wp\/v2\/pages\/174\/revisions"}],"predecessor-version":[{"id":4103,"href":"https:\/\/sidimagdoul.com\/en\/wp-json\/wp\/v2\/pages\/174\/revisions\/4103"}],"wp:attachment":[{"href":"https:\/\/sidimagdoul.com\/en\/wp-json\/wp\/v2\/media?parent=174"}],"curies":[{"name":"wp","href":"https:\/\/api.w.org\/{rel}","templated":true}]}}